{"id":24,"date":"2023-11-28T17:20:08","date_gmt":"2023-11-28T16:20:08","guid":{"rendered":"https:\/\/design-renove.fr\/?page_id=24"},"modified":"2024-03-27T10:40:20","modified_gmt":"2024-03-27T09:40:20","slug":"contact-projet-de-renovation","status":"publish","type":"page","link":"https:\/\/design-renove.fr\/index.php\/contact-projet-de-renovation\/","title":{"rendered":"Contact"},"content":{"rendered":"\t\t<div data-elementor-type=\"wp-page\" data-elementor-id=\"24\" class=\"elementor elementor-24\">\n\t\t\t\t<div class=\"elementor-element elementor-element-12ab52c e-flex e-con-boxed e-con e-parent\" data-id=\"12ab52c\" data-element_type=\"container\">\n\t\t\t\t\t<div class=\"e-con-inner\">\n\t\t\t\t<div class=\"elementor-element elementor-element-12f5cc16 elementor-absolute elementor-hidden-mobile elementor-widget elementor-widget-heading\" data-id=\"12f5cc16\" data-element_type=\"widget\" data-settings=\"{&quot;_position&quot;:&quot;absolute&quot;}\" data-widget_type=\"heading.default\">\n\t\t\t\t<div class=\"elementor-widget-container\">\n\t\t\t\t\t<h2 class=\"elementor-heading-title elementor-size-default\">Contact<\/h2>\t\t\t\t<\/div>\n\t\t\t\t<\/div>\n\t\t\t\t\t<\/div>\n\t\t\t\t<\/div>\n\t\t<div class=\"elementor-element elementor-element-4905ffd e-flex e-con-boxed e-con e-parent\" data-id=\"4905ffd\" data-element_type=\"container\">\n\t\t\t\t\t<div class=\"e-con-inner\">\n\t\t\t\t<div class=\"elementor-element elementor-element-67008c94 elementor-widget elementor-widget-heading\" data-id=\"67008c94\" data-element_type=\"widget\" data-widget_type=\"heading.default\">\n\t\t\t\t<div class=\"elementor-widget-container\">\n\t\t\t\t\t<h2 class=\"elementor-heading-title elementor-size-default\">Parlez nous de votre projet<\/h2>\t\t\t\t<\/div>\n\t\t\t\t<\/div>\n\t\t\t\t\t<\/div>\n\t\t\t\t<\/div>\n\t\t<div class=\"elementor-element elementor-element-5485c2d5 e-flex e-con-boxed e-con e-parent\" data-id=\"5485c2d5\" data-element_type=\"container\">\n\t\t\t\t\t<div class=\"e-con-inner\">\n\t\t<div class=\"elementor-element elementor-element-428e1533 e-con-full e-flex e-con e-child\" data-id=\"428e1533\" data-element_type=\"container\">\n\t\t\t\t<div class=\"elementor-element elementor-element-1b9cc758 elementor-widget elementor-widget-text-editor\" data-id=\"1b9cc758\" data-element_type=\"widget\" data-widget_type=\"text-editor.default\">\n\t\t\t\t<div class=\"elementor-widget-container\">\n\t\t\t\t\t\t\t\t\t<p>+33 6 99 29 39 75<\/p><p>contact@design-renove.fr<\/p><p>8 Chemin Bel Air, 38200 Vienne<\/p>\t\t\t\t\t\t\t\t<\/div>\n\t\t\t\t<\/div>\n\t\t\t\t<\/div>\n\t\t<div class=\"elementor-element elementor-element-14a0626f e-con-full e-flex e-con e-child\" data-id=\"14a0626f\" data-element_type=\"container\">\n\t\t\t\t<div class=\"elementor-element elementor-element-4b4e2370 elementor-widget__width-initial elementor-hidden-mobile elementor-widget-divider--view-line elementor-widget elementor-widget-divider\" data-id=\"4b4e2370\" data-element_type=\"widget\" data-widget_type=\"divider.default\">\n\t\t\t\t<div class=\"elementor-widget-container\">\n\t\t\t\t\t\t\t<div class=\"elementor-divider\">\n\t\t\t<span class=\"elementor-divider-separator\">\n\t\t\t\t\t\t<\/span>\n\t\t<\/div>\n\t\t\t\t\t\t<\/div>\n\t\t\t\t<\/div>\n\t\t\t\t<\/div>\n\t\t<div class=\"elementor-element elementor-element-396ca0da e-con-full e-flex e-con e-child\" data-id=\"396ca0da\" data-element_type=\"container\">\n\t\t\t\t<div class=\"elementor-element elementor-element-667f90b elementor-widget elementor-widget-wp-widget-forminator_widget\" data-id=\"667f90b\" data-element_type=\"widget\" data-widget_type=\"wp-widget-forminator_widget.default\">\n\t\t\t\t<div class=\"elementor-widget-container\">\n\t\t\t\t\t<div class=\"forminator-ui forminator-custom-form forminator-custom-form-620 forminator-design--material  forminator_ajax\" data-forminator-render=\"0\" data-form=\"forminator-module-620\" data-uid=\"69d6d59dbaee0\"><br\/><\/div><form\n\t\t\t\tid=\"forminator-module-620\"\n\t\t\t\tclass=\"forminator-ui forminator-custom-form forminator-custom-form-620 forminator-design--material  forminator_ajax\"\n\t\t\t\tmethod=\"post\"\n\t\t\t\tdata-forminator-render=\"0\"\n\t\t\t\tdata-form-id=\"620\"\n\t\t\t\t data-color-option=\"default\" data-design=\"material\" data-grid=\"open\" style=\"display: none;\"\n\t\t\t\tdata-uid=\"69d6d59dbaee0\"\n\t\t\t><div role=\"alert\" aria-live=\"polite\" class=\"forminator-response-message forminator-error\" aria-hidden=\"true\"><\/div><div class=\"forminator-row\"><div id=\"name-2\" class=\"forminator-field-name forminator-col forminator-col-6 \"><div class=\"forminator-field\"><label for=\"forminator-field-name-2_69d6d59dbaee0\" id=\"forminator-field-name-2_69d6d59dbaee0-label\" class=\"forminator-label\">Nom<\/label><input type=\"text\" name=\"name-2\" value=\"\" placeholder=\"Par exemple\u00a0: Jacques Martin\" id=\"forminator-field-name-2_69d6d59dbaee0\" class=\"forminator-input forminator-name--field\" aria-required=\"false\" autocomplete=\"name\" \/><\/div><\/div><div id=\"name-1\" class=\"forminator-field-name forminator-col forminator-col-6 \"><div class=\"forminator-field\"><label for=\"forminator-field-name-1_69d6d59dbaee0\" id=\"forminator-field-name-1_69d6d59dbaee0-label\" class=\"forminator-label\">Pr\u00e9nom<\/label><input type=\"text\" name=\"name-1\" value=\"\" placeholder=\"Par exemple\u00a0: Jean\" id=\"forminator-field-name-1_69d6d59dbaee0\" class=\"forminator-input forminator-name--field\" aria-required=\"false\" autocomplete=\"name\" \/><\/div><\/div><\/div><div class=\"forminator-row\"><div id=\"phone-1\" class=\"forminator-field-phone forminator-col forminator-col-12 \"><div class=\"forminator-field\"><label for=\"forminator-field-phone-1_69d6d59dbaee0\" id=\"forminator-field-phone-1_69d6d59dbaee0-label\" class=\"forminator-label\">Num\u00e9ro de t\u00e9l\u00e9phone<\/label><input type=\"text\" name=\"phone-1\" value=\"\" placeholder=\"Par exemple\u00a0: +1 02 03 04 05\" id=\"forminator-field-phone-1_69d6d59dbaee0\" class=\"forminator-input forminator-field--phone\" data-required=\"\" aria-required=\"false\" autocomplete=\"off\" \/><\/div><\/div><\/div><div class=\"forminator-row\"><div id=\"email-1\" class=\"forminator-field-email forminator-col forminator-col-12 \"><div class=\"forminator-field\"><label for=\"forminator-field-email-1_69d6d59dbaee0\" id=\"forminator-field-email-1_69d6d59dbaee0-label\" class=\"forminator-label\">Adresse de messagerie <span class=\"forminator-required\">*<\/span><\/label><input type=\"email\" name=\"email-1\" value=\"\" placeholder=\"Par exemple\u00a0: jacques@martin.com\" id=\"forminator-field-email-1_69d6d59dbaee0\" class=\"forminator-input forminator-email--field\" data-required=\"true\" aria-required=\"true\" autocomplete=\"email\" \/><\/div><\/div><\/div><div class=\"forminator-row\"><div id=\"textarea-1\" class=\"forminator-field-textarea forminator-col forminator-col-12 \"><div class=\"forminator-field\"><label for=\"forminator-field-textarea-1_69d6d59dbaee0\" id=\"forminator-field-textarea-1_69d6d59dbaee0-label\" class=\"forminator-label\">Message<\/label><textarea name=\"textarea-1\" placeholder=\"Saisissez votre message\u2026\" id=\"forminator-field-textarea-1_69d6d59dbaee0\" class=\"forminator-textarea\" rows=\"6\" style=\"min-height:140px;\" maxlength=\"180\" ><\/textarea><span id=\"forminator-field-textarea-1_69d6d59dbaee0-description\" class=\"forminator-description\"><span data-limit=\"180\" data-type=\"characters\" data-editor=\"\">0 \/ 180<\/span><\/span><\/div><\/div><\/div><input type=\"hidden\" name=\"referer_url\" value=\"\" \/><div class=\"forminator-row forminator-row-last\"><div class=\"forminator-col\"><div class=\"forminator-field\"><button class=\"forminator-button forminator-button-submit\"><span>Envoyer<\/span><span aria-hidden=\"true\"><\/span><\/button><\/div><\/div><\/div><input type=\"hidden\" id=\"forminator_nonce\" name=\"forminator_nonce\" value=\"dc9b6033f5\" \/><input type=\"hidden\" name=\"_wp_http_referer\" value=\"\/index.php\/wp-json\/wp\/v2\/pages\/24\" \/><input type=\"hidden\" name=\"form_id\" value=\"620\"><input type=\"hidden\" name=\"page_id\" value=\"24\"><input type=\"hidden\" name=\"form_type\" value=\"default\"><input type=\"hidden\" name=\"current_url\" value=\"https:\/\/design-renove.fr\/index.php\/contact-projet-de-renovation\/\"><input type=\"hidden\" name=\"render_id\" value=\"0\"><input type=\"hidden\" name=\"action\" value=\"forminator_submit_form_custom-forms\"><\/form>\t\t\t\t<\/div>\n\t\t\t\t<\/div>\n\t\t\t\t<\/div>\n\t\t\t\t\t<\/div>\n\t\t\t\t<\/div>\n\t\t<div class=\"elementor-element elementor-element-8d2871 e-flex e-con-boxed e-con e-parent\" data-id=\"8d2871\" data-element_type=\"container\" data-settings=\"{&quot;background_background&quot;:&quot;classic&quot;}\">\n\t\t\t\t\t<div class=\"e-con-inner\">\n\t\t\t\t<div class=\"elementor-element elementor-element-45919ac elementor-widget elementor-widget-google_maps\" data-id=\"45919ac\" data-element_type=\"widget\" data-widget_type=\"google_maps.default\">\n\t\t\t\t<div class=\"elementor-widget-container\">\n\t\t\t\t\t\t\t<div class=\"elementor-custom-embed\">\n\t\t\t<iframe loading=\"lazy\"\n\t\t\t\t\tsrc=\"https:\/\/maps.google.com\/maps?q=8%20Chemin%20Bel%20Air%2C%2038200%20Vienne&#038;t=m&#038;z=10&#038;output=embed&#038;iwloc=near\"\n\t\t\t\t\ttitle=\"8 Chemin Bel Air, 38200 Vienne\"\n\t\t\t\t\taria-label=\"8 Chemin Bel Air, 38200 Vienne\"\n\t\t\t><\/iframe>\n\t\t<\/div>\n\t\t\t\t\t\t<\/div>\n\t\t\t\t<\/div>\n\t\t\t\t\t<\/div>\n\t\t\t\t<\/div>\n\t\t\t\t<\/div>\n\t\t","protected":false},"excerpt":{"rendered":"<p>Contact Parlez nous de votre projet +33 6 99 29 39 75 contact@design-renove.fr 8 Chemin Bel Air, 38200 Vienne<\/p>\n","protected":false},"author":1,"featured_media":0,"parent":0,"menu_order":0,"comment_status":"closed","ping_status":"closed","template":"elementor_header_footer","meta":{"footnotes":""},"class_list":["post-24","page","type-page","status-publish","hentry"],"yoast_head":"<!-- This site is optimized with the Yoast SEO plugin v26.2 - https:\/\/yoast.com\/wordpress\/plugins\/seo\/ -->\n<title>Contactez-nous pour votre projet de r\u00e9novation - AS Design Renov<\/title>\n<meta name=\"description\" content=\"Pr\u00eat \u00e0 donner vie \u00e0 vos projets de r\u00e9novation et de construction ? Notre \u00e9quipe chez AS Design Renov est pr\u00eate \u00e0 r\u00e9aliser vos r\u00eaves.\" \/>\n<meta name=\"robots\" content=\"index, follow, max-snippet:-1, max-image-preview:large, max-video-preview:-1\" \/>\n<link rel=\"canonical\" href=\"https:\/\/design-renove.fr\/index.php\/contact-projet-de-renovation\/\" \/>\n<meta property=\"og:locale\" content=\"fr_FR\" \/>\n<meta property=\"og:type\" content=\"article\" \/>\n<meta property=\"og:title\" content=\"Contactez-nous pour votre projet de r\u00e9novation - AS Design Renov\" \/>\n<meta property=\"og:description\" content=\"Pr\u00eat \u00e0 donner vie \u00e0 vos projets de r\u00e9novation et de construction ? Notre \u00e9quipe chez AS Design Renov est pr\u00eate \u00e0 r\u00e9aliser vos r\u00eaves.\" \/>\n<meta property=\"og:url\" content=\"https:\/\/design-renove.fr\/index.php\/contact-projet-de-renovation\/\" \/>\n<meta property=\"og:site_name\" content=\"WordPress\" \/>\n<meta property=\"article:modified_time\" content=\"2024-03-27T09:40:20+00:00\" \/>\n<meta name=\"twitter:card\" content=\"summary_large_image\" \/>\n<meta name=\"twitter:label1\" content=\"Dur\u00e9e de lecture estim\u00e9e\" \/>\n\t<meta name=\"twitter:data1\" content=\"1 minute\" \/>\n<script type=\"application\/ld+json\" class=\"yoast-schema-graph\">{\"@context\":\"https:\/\/schema.org\",\"@graph\":[{\"@type\":\"WebPage\",\"@id\":\"https:\/\/design-renove.fr\/index.php\/contact-projet-de-renovation\/\",\"url\":\"https:\/\/design-renove.fr\/index.php\/contact-projet-de-renovation\/\",\"name\":\"Contactez-nous pour votre projet de r\u00e9novation - AS Design Renov\",\"isPartOf\":{\"@id\":\"https:\/\/design-renove.fr\/#website\"},\"datePublished\":\"2023-11-28T16:20:08+00:00\",\"dateModified\":\"2024-03-27T09:40:20+00:00\",\"description\":\"Pr\u00eat \u00e0 donner vie \u00e0 vos projets de r\u00e9novation et de construction ? Notre \u00e9quipe chez AS Design Renov est pr\u00eate \u00e0 r\u00e9aliser vos r\u00eaves.\",\"breadcrumb\":{\"@id\":\"https:\/\/design-renove.fr\/index.php\/contact-projet-de-renovation\/#breadcrumb\"},\"inLanguage\":\"fr-FR\",\"potentialAction\":[{\"@type\":\"ReadAction\",\"target\":[\"https:\/\/design-renove.fr\/index.php\/contact-projet-de-renovation\/\"]}]},{\"@type\":\"BreadcrumbList\",\"@id\":\"https:\/\/design-renove.fr\/index.php\/contact-projet-de-renovation\/#breadcrumb\",\"itemListElement\":[{\"@type\":\"ListItem\",\"position\":1,\"name\":\"Accueil\",\"item\":\"https:\/\/design-renove.fr\/\"},{\"@type\":\"ListItem\",\"position\":2,\"name\":\"Contact\"}]},{\"@type\":\"WebSite\",\"@id\":\"https:\/\/design-renove.fr\/#website\",\"url\":\"https:\/\/design-renove.fr\/\",\"name\":\"WordPress\",\"description\":\"Un site utilisant WordPress\",\"publisher\":{\"@id\":\"https:\/\/design-renove.fr\/#organization\"},\"potentialAction\":[{\"@type\":\"SearchAction\",\"target\":{\"@type\":\"EntryPoint\",\"urlTemplate\":\"https:\/\/design-renove.fr\/?s={search_term_string}\"},\"query-input\":{\"@type\":\"PropertyValueSpecification\",\"valueRequired\":true,\"valueName\":\"search_term_string\"}}],\"inLanguage\":\"fr-FR\"},{\"@type\":\"Organization\",\"@id\":\"https:\/\/design-renove.fr\/#organization\",\"name\":\"WordPress\",\"url\":\"https:\/\/design-renove.fr\/\",\"logo\":{\"@type\":\"ImageObject\",\"inLanguage\":\"fr-FR\",\"@id\":\"https:\/\/design-renove.fr\/#\/schema\/logo\/image\/\",\"url\":\"https:\/\/design-renove.fr\/wp-content\/uploads\/2025\/10\/logo-renov-art-transparent.png\",\"contentUrl\":\"https:\/\/design-renove.fr\/wp-content\/uploads\/2025\/10\/logo-renov-art-transparent.png\",\"width\":400,\"height\":400,\"caption\":\"WordPress\"},\"image\":{\"@id\":\"https:\/\/design-renove.fr\/#\/schema\/logo\/image\/\"}}]}<\/script>\n<!-- \/ Yoast SEO plugin. -->","yoast_head_json":{"title":"Contactez-nous pour votre projet de r\u00e9novation - AS Design Renov","description":"Pr\u00eat \u00e0 donner vie \u00e0 vos projets de r\u00e9novation et de construction ? Notre \u00e9quipe chez AS Design Renov est pr\u00eate \u00e0 r\u00e9aliser vos r\u00eaves.","robots":{"index":"index","follow":"follow","max-snippet":"max-snippet:-1","max-image-preview":"max-image-preview:large","max-video-preview":"max-video-preview:-1"},"canonical":"https:\/\/design-renove.fr\/index.php\/contact-projet-de-renovation\/","og_locale":"fr_FR","og_type":"article","og_title":"Contactez-nous pour votre projet de r\u00e9novation - AS Design Renov","og_description":"Pr\u00eat \u00e0 donner vie \u00e0 vos projets de r\u00e9novation et de construction ? Notre \u00e9quipe chez AS Design Renov est pr\u00eate \u00e0 r\u00e9aliser vos r\u00eaves.","og_url":"https:\/\/design-renove.fr\/index.php\/contact-projet-de-renovation\/","og_site_name":"WordPress","article_modified_time":"2024-03-27T09:40:20+00:00","twitter_card":"summary_large_image","twitter_misc":{"Dur\u00e9e de lecture estim\u00e9e":"1 minute"},"schema":{"@context":"https:\/\/schema.org","@graph":[{"@type":"WebPage","@id":"https:\/\/design-renove.fr\/index.php\/contact-projet-de-renovation\/","url":"https:\/\/design-renove.fr\/index.php\/contact-projet-de-renovation\/","name":"Contactez-nous pour votre projet de r\u00e9novation - AS Design Renov","isPartOf":{"@id":"https:\/\/design-renove.fr\/#website"},"datePublished":"2023-11-28T16:20:08+00:00","dateModified":"2024-03-27T09:40:20+00:00","description":"Pr\u00eat \u00e0 donner vie \u00e0 vos projets de r\u00e9novation et de construction ? Notre \u00e9quipe chez AS Design Renov est pr\u00eate \u00e0 r\u00e9aliser vos r\u00eaves.","breadcrumb":{"@id":"https:\/\/design-renove.fr\/index.php\/contact-projet-de-renovation\/#breadcrumb"},"inLanguage":"fr-FR","potentialAction":[{"@type":"ReadAction","target":["https:\/\/design-renove.fr\/index.php\/contact-projet-de-renovation\/"]}]},{"@type":"BreadcrumbList","@id":"https:\/\/design-renove.fr\/index.php\/contact-projet-de-renovation\/#breadcrumb","itemListElement":[{"@type":"ListItem","position":1,"name":"Accueil","item":"https:\/\/design-renove.fr\/"},{"@type":"ListItem","position":2,"name":"Contact"}]},{"@type":"WebSite","@id":"https:\/\/design-renove.fr\/#website","url":"https:\/\/design-renove.fr\/","name":"WordPress","description":"Un site utilisant WordPress","publisher":{"@id":"https:\/\/design-renove.fr\/#organization"},"potentialAction":[{"@type":"SearchAction","target":{"@type":"EntryPoint","urlTemplate":"https:\/\/design-renove.fr\/?s={search_term_string}"},"query-input":{"@type":"PropertyValueSpecification","valueRequired":true,"valueName":"search_term_string"}}],"inLanguage":"fr-FR"},{"@type":"Organization","@id":"https:\/\/design-renove.fr\/#organization","name":"WordPress","url":"https:\/\/design-renove.fr\/","logo":{"@type":"ImageObject","inLanguage":"fr-FR","@id":"https:\/\/design-renove.fr\/#\/schema\/logo\/image\/","url":"https:\/\/design-renove.fr\/wp-content\/uploads\/2025\/10\/logo-renov-art-transparent.png","contentUrl":"https:\/\/design-renove.fr\/wp-content\/uploads\/2025\/10\/logo-renov-art-transparent.png","width":400,"height":400,"caption":"WordPress"},"image":{"@id":"https:\/\/design-renove.fr\/#\/schema\/logo\/image\/"}}]}},"_links":{"self":[{"href":"https:\/\/design-renove.fr\/index.php\/wp-json\/wp\/v2\/pages\/24","targetHints":{"allow":["GET"]}}],"collection":[{"href":"https:\/\/design-renove.fr\/index.php\/wp-json\/wp\/v2\/pages"}],"about":[{"href":"https:\/\/design-renove.fr\/index.php\/wp-json\/wp\/v2\/types\/page"}],"author":[{"embeddable":true,"href":"https:\/\/design-renove.fr\/index.php\/wp-json\/wp\/v2\/users\/1"}],"replies":[{"embeddable":true,"href":"https:\/\/design-renove.fr\/index.php\/wp-json\/wp\/v2\/comments?post=24"}],"version-history":[{"count":25,"href":"https:\/\/design-renove.fr\/index.php\/wp-json\/wp\/v2\/pages\/24\/revisions"}],"predecessor-version":[{"id":1231,"href":"https:\/\/design-renove.fr\/index.php\/wp-json\/wp\/v2\/pages\/24\/revisions\/1231"}],"wp:attachment":[{"href":"https:\/\/design-renove.fr\/index.php\/wp-json\/wp\/v2\/media?parent=24"}],"curies":[{"name":"wp","href":"https:\/\/api.w.org\/{rel}","templated":true}]}}